{"id":15265,"date":"2022-05-12T10:12:58","date_gmt":"2022-05-12T08:12:58","guid":{"rendered":"https:\/\/sisthemaspa.it\/informazioni-legali-2\/"},"modified":"2023-12-13T16:01:13","modified_gmt":"2023-12-13T15:01:13","slug":"informazioni-legali-2","status":"publish","type":"page","link":"https:\/\/sisthemaspa.it\/es\/informazioni-legali-2\/","title":{"rendered":"Archivo de informaci\u00f3n"},"content":{"rendered":"<article class=\"uk-article\">\n<h3>T\u00e9rminos y condiciones de uso<\/h3>\n<p>El sitio web <a href=\"https:\/\/sisthemaspa.it\/wp\"><strong>sisthemaspa.it<\/strong><\/a> es un servicio de informaci\u00f3n en l\u00ednea proporcionado por <strong>Sisthema S.p.A.<\/strong>. Su uso est\u00e1 sujeto a la aceptaci\u00f3n de los t\u00e9rminos y condiciones establecidos a continuaci\u00f3n. Si no tiene la intenci\u00f3n de aceptar, se le invita a no utilizar el Sitio y a no descargar ning\u00fan material del mismo.<\/p>\n<div style=\"position: absolute; top: -4001px;\">When you go to their website to order, you need t\u043e choose the type of service that you want. The company will tell you about their writers, the experience \u0430nd the qualifications of those writers. They will also tell you if they can complete your essay within the time frame that you have given. If you want to hire someone from here <a href=\"https:\/\/trusted-essayreviews.com\/\">https:\/\/trusted-essayreviews.com\/<\/a> to write your paper, you need to see their rating, reviews and samples. You need to see if they have a money-back guarantee \u043er if you can cancel your order if it does not meet expectations.<\/div>\n<h3>Limitaciones de uso<\/h3>\n<p>El contenido de las p\u00e1ginas del sitio <a href=\"https:\/\/sisthemaspa.it\/wp\"><strong>sisthemaspa.it<\/strong><\/a>son propiedad exclusiva de<strong>Sisthema S.p.A.<\/strong>. Reservados todos los derechos El contenido de las p\u00e1ginas del sitio <a href=\"https:\/\/sisthemaspa.it\/wp\"><strong>sisthemaspa.it<\/strong><\/a> no puede, en su totalidad o en parte, copiarse, reproducirse, transferirse, cargarse, publicarse o distribuirse de ninguna manera sin el consentimiento previo por escrito de <strong>Sisthema S.p.A.<\/strong>, sin perjuicio de la posibilidad de almacenarlos en su ordenador o imprimir extractos de las p\u00e1ginas de este Sitio \u00fanicamente para uso personal.<\/p>\n<p>A menos que se indique lo contrario, las marcas comerciales y logotipos que aparecen en este Sitio se publican con el permiso de <a href=\"https:\/\/sisthemaspa.it\/wp\"><strong>sisthemaspa.it<\/strong><\/a> y sus afiliados.<\/p>\n<h3>L\u00edmites de responsabilidad<\/h3>\n<p>La informaci\u00f3n contenida en este Sitio se proporciona de buena fe y <strong>Sisthema S.p.A.<\/strong> cree que son exactos. En cualquier caso, quien desee comprar productos no debe consultar dicha informaci\u00f3n, sino que debe verificar la naturaleza real de los productos y su idoneidad concreta para el uso previsto. En consecuencia, toda la informaci\u00f3n de este Sitio se proporciona sin garant\u00eda alguna, impl\u00edcita o expl\u00edcita, de ning\u00fan tipo, como por ejemplo, de calidad del producto, idoneidad para un fin espec\u00edfico o no infracci\u00f3n de derechos de propiedad intelectual. De ninguna manera <strong>Sisthema S.p.A.<\/strong>ser\u00e1 responsable de cualquier da\u00f1o directo o indirecto causado por el uso de este Sitio.<\/p>\n<p>La informaci\u00f3n contenida en este Sitio puede ser t\u00e9cnicamente inexacta o estar afectada por errores tipogr\u00e1ficos. La informaci\u00f3n puede modificarse o actualizarse sin previo aviso. <strong>Sisthema S.p.A.<\/strong> tambi\u00e9n puede mejorar o cambiar los productos descritos en este Sitio, sin previo aviso.<\/p>\n<h3>Links<\/h3>\n<p><strong>Sisthema S.p.A.<\/strong> no asume ninguna responsabilidad por los materiales creados o publicados por terceros con los que el sitio web <a href=\"https:\/\/sisthemaspa.it\/wp\"><strong>sisthemaspa.it<\/strong><\/a> tiene un enlace. Cualquiera que decida visitar un Sitio vinculado al Sitio <a href=\"https:\/\/sisthemaspa.it\/wp\"><strong>sisthemaspa.it<\/strong><\/a>lo hace bajo su propia responsabilidad, asumiendo la responsabilidad de tomar todas las medidas necesarias contra virus u otros elementos destructivos. Enlazar a otros sitios no implica que <strong>Sisthema S.p.A.<\/strong> patrocina o est\u00e1 afiliado a las entidades que realizan los servicios descritos en esos sitios.<\/p>\n<h3>Informaci\u00f3n recibida de <strong>Sisthema S.p.A.<\/strong><\/h3>\n<p>Cualquier material enviado a <strong>Sisthema S.p.A.<\/strong> por ejemplo, por correo electr\u00f3nico o a trav\u00e9s de p\u00e1ginas web, se considerar\u00e1n de naturaleza no confidencial <strong>Sirio informatica e sistemi S.p.A.<\/strong> non avr\u00e0 obblighi di alcun tipo rispetto a tale materiale e sar\u00e0 libera di riprodurlo, usarlo, rivelarlo, mostrarlo, trasformarlo, farne opere derivate e distribuirlo a terzi, senza limiti.<\/p>\n<p>Adem\u00e1s, <strong>Sisthema S.p.A.<\/strong> ser\u00e1 libre de utilizar cualquier idea, concepto, know-how o conocimiento t\u00e9cnico contenido en dicho material para cualquier prop\u00f3sito, incluido, entre otros, el desarrollo, la fabricaci\u00f3n y la comercializaci\u00f3n de productos utilizando dicho material.<\/p>\n<p>Cualquiera que env\u00ede material garantiza que es publicable y se compromete a indemnizarlo. <strong>Sisthema S.p.A.<\/strong> de cualquier acci\u00f3n por parte de terceros en relaci\u00f3n con dicho material.<\/p>\n<h3>Cookies<\/h3>\n<p>Una &#8220;cookie&#8221; (es decir, un peque\u00f1o archivo de datos que algunos sitios web, cuando se visitan, pueden enviar a la direcci\u00f3n del visitante) puede estar ubicada en alg\u00fan lugar del Sitio. <a href=\"https:\/\/sisthemaspa.it\/wp\"><strong>sisthemaspa.it<\/strong><\/a>, para rastrear los recorridos de los visitantes en el Sitio. Si prefiere no recibir cookies, puede configurar su navegador para que le avise de la presencia de una cookie y luego decidir si la acepta o no. Tambi\u00e9n puede rechazar autom\u00e1ticamente todas las cookies activando la opci\u00f3n correspondiente en su navegador.<\/p>\n<h3>Ley y jurisdicci\u00f3n<\/h3>\n<p>Estas condiciones se rigen por la ley italiana. El Tribunal de Mil\u00e1n, Italia, tendr\u00e1 jurisdicci\u00f3n y competencia exclusivas para cualquier disputa en cualquier caso relacionado con estas condiciones. Sin embargo, <strong>Sisthema S.p.A.<\/strong> se reserva el derecho, si lo considera necesario, de emprender acciones legales ante tribunales de pa\u00edses o ciudades distintos de Italia o Mil\u00e1n, para proteger sus intereses y hacer valer sus derechos.<\/p>\n<\/article>\n","protected":false},"excerpt":{"rendered":"<p>T\u00e9rminos y condiciones de uso El sitio web sisthemaspa.it es un servicio de informaci\u00f3n en l\u00ednea proporcionado por Sisthema S.p.A.. [&hellip;]<\/p>\n","protected":false},"author":1,"featured_media":0,"parent":0,"menu_order":10,"comment_status":"closed","ping_status":"closed","template":"","meta":{"_acf_changed":false,"footnotes":""},"class_list":["post-15265","page","type-page","status-publish","hentry"],"acf":[],"yoast_head":"<!-- This site is optimized with the Yoast SEO plugin v26.3 - https:\/\/yoast.com\/wordpress\/plugins\/seo\/ -->\n<title>Archivo de informaci\u00f3n - Sisthema<\/title>\n<meta name=\"robots\" content=\"index, follow, max-snippet:-1, max-image-preview:large, max-video-preview:-1\" \/>\n<link rel=\"canonical\" href=\"https:\/\/sisthemaspa.it\/es\/informazioni-legali-2\/\" \/>\n<meta property=\"og:locale\" content=\"es_ES\" \/>\n<meta property=\"og:type\" content=\"article\" \/>\n<meta property=\"og:title\" content=\"Archivo de informaci\u00f3n - Sisthema\" \/>\n<meta property=\"og:description\" content=\"T\u00e9rminos y condiciones de uso El sitio web sisthemaspa.it es un servicio de informaci\u00f3n en l\u00ednea proporcionado por Sisthema S.p.A.. [&hellip;]\" \/>\n<meta property=\"og:url\" content=\"https:\/\/sisthemaspa.it\/es\/informazioni-legali-2\/\" \/>\n<meta property=\"og:site_name\" content=\"Sisthema\" \/>\n<meta property=\"article:publisher\" content=\"https:\/\/www.facebook.com\/sisthemaspa\" \/>\n<meta property=\"article:modified_time\" content=\"2023-12-13T15:01:13+00:00\" \/>\n<meta name=\"twitter:card\" content=\"summary_large_image\" \/>\n<meta name=\"twitter:site\" content=\"@sisthemaspa\" \/>\n<meta name=\"twitter:label1\" content=\"Est. reading time\" \/>\n\t<meta name=\"twitter:data1\" content=\"4 minutes\" \/>\n<script type=\"application\/ld+json\" class=\"yoast-schema-graph\">{\"@context\":\"https:\/\/schema.org\",\"@graph\":[{\"@type\":\"WebPage\",\"@id\":\"https:\/\/sisthemaspa.it\/es\/informazioni-legali-2\/\",\"url\":\"https:\/\/sisthemaspa.it\/es\/informazioni-legali-2\/\",\"name\":\"Archivo de informaci\u00f3n - Sisthema\",\"isPartOf\":{\"@id\":\"https:\/\/sisthemaspa.it\/es\/#website\"},\"datePublished\":\"2022-05-12T08:12:58+00:00\",\"dateModified\":\"2023-12-13T15:01:13+00:00\",\"breadcrumb\":{\"@id\":\"https:\/\/sisthemaspa.it\/es\/informazioni-legali-2\/#breadcrumb\"},\"inLanguage\":\"es-ES\",\"potentialAction\":[{\"@type\":\"ReadAction\",\"target\":[\"https:\/\/sisthemaspa.it\/es\/informazioni-legali-2\/\"]}]},{\"@type\":\"BreadcrumbList\",\"@id\":\"https:\/\/sisthemaspa.it\/es\/informazioni-legali-2\/#breadcrumb\",\"itemListElement\":[{\"@type\":\"ListItem\",\"position\":1,\"name\":\"Home\",\"item\":\"https:\/\/sisthemaspa.it\/es\/homepage\/\"},{\"@type\":\"ListItem\",\"position\":2,\"name\":\"Archivo de informaci\u00f3n\"}]},{\"@type\":\"WebSite\",\"@id\":\"https:\/\/sisthemaspa.it\/es\/#website\",\"url\":\"https:\/\/sisthemaspa.it\/es\/\",\"name\":\"Sisthema\",\"description\":\"A Vargroup Company\",\"publisher\":{\"@id\":\"https:\/\/sisthemaspa.it\/es\/#organization\"},\"potentialAction\":[{\"@type\":\"SearchAction\",\"target\":{\"@type\":\"EntryPoint\",\"urlTemplate\":\"https:\/\/sisthemaspa.it\/es\/?s={search_term_string}\"},\"query-input\":{\"@type\":\"PropertyValueSpecification\",\"valueRequired\":true,\"valueName\":\"search_term_string\"}}],\"inLanguage\":\"es-ES\"},{\"@type\":\"Organization\",\"@id\":\"https:\/\/sisthemaspa.it\/es\/#organization\",\"name\":\"Sisthema Spa\",\"url\":\"https:\/\/sisthemaspa.it\/es\/\",\"logo\":{\"@type\":\"ImageObject\",\"inLanguage\":\"es-ES\",\"@id\":\"https:\/\/sisthemaspa.it\/es\/#\/schema\/logo\/image\/\",\"url\":\"https:\/\/sisthemaspa.it\/wp\/wp-content\/uploads\/2023\/07\/Logo_Sisthema_Trasp896x248.png\",\"contentUrl\":\"https:\/\/sisthemaspa.it\/wp\/wp-content\/uploads\/2023\/07\/Logo_Sisthema_Trasp896x248.png\",\"width\":896,\"height\":248,\"caption\":\"Sisthema Spa\"},\"image\":{\"@id\":\"https:\/\/sisthemaspa.it\/es\/#\/schema\/logo\/image\/\"},\"sameAs\":[\"https:\/\/www.facebook.com\/sisthemaspa\",\"https:\/\/x.com\/sisthemaspa\",\"https:\/\/www.linkedin.com\/company\/sisthemaspa\"]}]}<\/script>\n<!-- \/ Yoast SEO plugin. -->","yoast_head_json":{"title":"Archivo de informaci\u00f3n - Sisthema","robots":{"index":"index","follow":"follow","max-snippet":"max-snippet:-1","max-image-preview":"max-image-preview:large","max-video-preview":"max-video-preview:-1"},"canonical":"https:\/\/sisthemaspa.it\/es\/informazioni-legali-2\/","og_locale":"es_ES","og_type":"article","og_title":"Archivo de informaci\u00f3n - Sisthema","og_description":"T\u00e9rminos y condiciones de uso El sitio web sisthemaspa.it es un servicio de informaci\u00f3n en l\u00ednea proporcionado por Sisthema S.p.A.. [&hellip;]","og_url":"https:\/\/sisthemaspa.it\/es\/informazioni-legali-2\/","og_site_name":"Sisthema","article_publisher":"https:\/\/www.facebook.com\/sisthemaspa","article_modified_time":"2023-12-13T15:01:13+00:00","twitter_card":"summary_large_image","twitter_site":"@sisthemaspa","twitter_misc":{"Est. reading time":"4 minutes"},"schema":{"@context":"https:\/\/schema.org","@graph":[{"@type":"WebPage","@id":"https:\/\/sisthemaspa.it\/es\/informazioni-legali-2\/","url":"https:\/\/sisthemaspa.it\/es\/informazioni-legali-2\/","name":"Archivo de informaci\u00f3n - Sisthema","isPartOf":{"@id":"https:\/\/sisthemaspa.it\/es\/#website"},"datePublished":"2022-05-12T08:12:58+00:00","dateModified":"2023-12-13T15:01:13+00:00","breadcrumb":{"@id":"https:\/\/sisthemaspa.it\/es\/informazioni-legali-2\/#breadcrumb"},"inLanguage":"es-ES","potentialAction":[{"@type":"ReadAction","target":["https:\/\/sisthemaspa.it\/es\/informazioni-legali-2\/"]}]},{"@type":"BreadcrumbList","@id":"https:\/\/sisthemaspa.it\/es\/informazioni-legali-2\/#breadcrumb","itemListElement":[{"@type":"ListItem","position":1,"name":"Home","item":"https:\/\/sisthemaspa.it\/es\/homepage\/"},{"@type":"ListItem","position":2,"name":"Archivo de informaci\u00f3n"}]},{"@type":"WebSite","@id":"https:\/\/sisthemaspa.it\/es\/#website","url":"https:\/\/sisthemaspa.it\/es\/","name":"Sisthema","description":"A Vargroup Company","publisher":{"@id":"https:\/\/sisthemaspa.it\/es\/#organization"},"potentialAction":[{"@type":"SearchAction","target":{"@type":"EntryPoint","urlTemplate":"https:\/\/sisthemaspa.it\/es\/?s={search_term_string}"},"query-input":{"@type":"PropertyValueSpecification","valueRequired":true,"valueName":"search_term_string"}}],"inLanguage":"es-ES"},{"@type":"Organization","@id":"https:\/\/sisthemaspa.it\/es\/#organization","name":"Sisthema Spa","url":"https:\/\/sisthemaspa.it\/es\/","logo":{"@type":"ImageObject","inLanguage":"es-ES","@id":"https:\/\/sisthemaspa.it\/es\/#\/schema\/logo\/image\/","url":"https:\/\/sisthemaspa.it\/wp\/wp-content\/uploads\/2023\/07\/Logo_Sisthema_Trasp896x248.png","contentUrl":"https:\/\/sisthemaspa.it\/wp\/wp-content\/uploads\/2023\/07\/Logo_Sisthema_Trasp896x248.png","width":896,"height":248,"caption":"Sisthema Spa"},"image":{"@id":"https:\/\/sisthemaspa.it\/es\/#\/schema\/logo\/image\/"},"sameAs":["https:\/\/www.facebook.com\/sisthemaspa","https:\/\/x.com\/sisthemaspa","https:\/\/www.linkedin.com\/company\/sisthemaspa"]}]}},"_links":{"self":[{"href":"https:\/\/sisthemaspa.it\/es\/wp-json\/wp\/v2\/pages\/15265","targetHints":{"allow":["GET"]}}],"collection":[{"href":"https:\/\/sisthemaspa.it\/es\/wp-json\/wp\/v2\/pages"}],"about":[{"href":"https:\/\/sisthemaspa.it\/es\/wp-json\/wp\/v2\/types\/page"}],"author":[{"embeddable":true,"href":"https:\/\/sisthemaspa.it\/es\/wp-json\/wp\/v2\/users\/1"}],"replies":[{"embeddable":true,"href":"https:\/\/sisthemaspa.it\/es\/wp-json\/wp\/v2\/comments?post=15265"}],"version-history":[{"count":1,"href":"https:\/\/sisthemaspa.it\/es\/wp-json\/wp\/v2\/pages\/15265\/revisions"}],"predecessor-version":[{"id":16749,"href":"https:\/\/sisthemaspa.it\/es\/wp-json\/wp\/v2\/pages\/15265\/revisions\/16749"}],"wp:attachment":[{"href":"https:\/\/sisthemaspa.it\/es\/wp-json\/wp\/v2\/media?parent=15265"}],"curies":[{"name":"wp","href":"https:\/\/api.w.org\/{rel}","templated":true}]}}